{"id":6,"date":"2023-06-22T05:02:26","date_gmt":"2023-06-22T03:02:26","guid":{"rendered":"https:\/\/jdisas.com\/?page_id=6"},"modified":"2025-02-17T14:11:32","modified_gmt":"2025-02-17T13:11:32","slug":"inicio","status":"publish","type":"page","link":"https:\/\/www.jdisas.com\/","title":{"rendered":"Inicio"},"content":{"rendered":"\n<div class=\"wp-block-cover alignfull is-light wp-duotone-000000-00a5ff-1\" style=\"min-height:726px;aspect-ratio:unset;\"><span aria-hidden=\"true\" class=\"wp-block-cover__background has-background-dim wp-block-cover__gradient-background has-background-gradient\" style=\"background:linear-gradient(35deg,rgb(6,0,151) 0%,rgb(130,4,255) 73%,rgb(193,15,255) 100%)\"><\/span><img loading=\"lazy\" decoding=\"async\" width=\"702\" height=\"453\" class=\"wp-block-cover__image-background wp-image-48\" alt=\"\" src=\"https:\/\/jdisas.com\/wp-content\/uploads\/2023\/06\/fondo.png\" data-object-fit=\"cover\" srcset=\"https:\/\/www.jdisas.com\/wp-content\/uploads\/2023\/06\/fondo.png 702w, https:\/\/www.jdisas.com\/wp-content\/uploads\/2023\/06\/fondo-300x194.png 300w\" sizes=\"auto, (max-width: 702px) 100vw, 702px\" \/><div class=\"wp-block-cover__inner-container is-layout-flow wp-block-cover-is-layout-flow\">\n<div class=\"inherit-container-width wp-block-group alignwide is-layout-constrained wp-block-group-is-layout-constrained\">\n<div class=\"wp-block-media-text alignwide has-media-on-the-right is-stacked-on-mobile is-vertically-aligned-center\" style=\"grid-template-columns:auto 37%\"><div class=\"wp-block-media-text__content\">\n<h1 class=\"wp-block-heading has-text-align-left has-white-color has-text-color\">Somos tu socio estrat\u00e9gico en Licitaciones<\/h1>\n\n\n\n<p>Esperamos tener la oportunidad de trabajar contigo y demostrarte por qu\u00e9 somos la elecci\u00f3n perfecta para tus necesidades.<\/p>\n\n\n\n<div class=\"wp-block-buttons alignwide is-content-justification-space-between is-layout-flex wp-container-core-buttons-is-layout-b2891da8 wp-block-buttons-is-layout-flex\">\n<div class=\"wp-block-button\"><a class=\"wp-block-button__link wp-element-button\" href=\"https:\/\/wa.link\/o7yguo\">Contactanos<\/a><\/div>\n<\/div>\n<\/div><figure class=\"wp-block-media-text__media\"><img loading=\"lazy\" decoding=\"async\" width=\"274\" height=\"334\" src=\"https:\/\/jdisas.com\/wp-content\/uploads\/2023\/06\/colaboradores.png\" alt=\"\" class=\"wp-image-50 size-full\" srcset=\"https:\/\/www.jdisas.com\/wp-content\/uploads\/2023\/06\/colaboradores.png 274w, https:\/\/www.jdisas.com\/wp-content\/uploads\/2023\/06\/colaboradores-246x300.png 246w\" sizes=\"auto, (max-width: 274px) 100vw, 274px\" \/><\/figure><\/div>\n<\/div>\n<\/div><\/div>\n\n\n\n<div class=\"wp-block-group alignfull has-ast-global-color-5-background-color has-background is-layout-constrained wp-container-core-group-is-layout-9cedb757 wp-block-group-is-layout-constrained\" style=\"padding-bottom:0px\">\n<div class=\"wp-block-columns are-vertically-aligned-top is-layout-flex wp-container-core-columns-is-layout-00723822 wp-block-columns-is-layout-flex\">\n<div class=\"wp-block-column is-vertically-aligned-top is-layout-flow wp-container-core-column-is-layout-6b73ce23 wp-block-column-is-layout-flow\">\n<figure class=\"wp-block-image size-large\"><img decoding=\"async\" src=\"https:\/\/jdisas.com\/wp-content\/themes\/astra\/inc\/assets\/images\/starter-content\/building.svg\" alt=\"\" class=\"wp-image-134\"\/><\/figure>\n\n\n\n<h3 class=\"wp-block-heading has-text-align-left\" style=\"margin-top:16px\">Negocio Local<\/h3>\n\n\n\n<p class=\"has-text-align-left\">Quieres conocer m\u00e1s sobre nuestros productos o servicios, no dudes en comunicarte con nosotros.<\/p>\n<\/div>\n\n\n\n<div class=\"wp-block-column is-vertically-aligned-top is-layout-flow wp-container-core-column-is-layout-6b73ce23 wp-block-column-is-layout-flow\">\n<figure class=\"wp-block-image size-large\"><img decoding=\"async\" src=\"https:\/\/jdisas.com\/wp-content\/themes\/astra\/inc\/assets\/images\/starter-content\/shopping-bag.svg\" alt=\"\" class=\"wp-image-135\"\/><\/figure>\n\n\n\n<h3 class=\"wp-block-heading has-text-align-left\" style=\"margin-top:16px\">Compras seguras<\/h3>\n\n\n\n<p class=\"has-text-align-left\">Nos esforzamos por ofrecerte una experiencia de compra segura y confiable. \u00a1Valoramos tu confianza! <\/p>\n<\/div>\n\n\n\n<div class=\"wp-block-column is-vertically-aligned-top is-layout-flow wp-container-core-column-is-layout-6b73ce23 wp-block-column-is-layout-flow\">\n<figure class=\"wp-block-image size-large\"><img decoding=\"async\" src=\"https:\/\/jdisas.com\/wp-content\/themes\/astra\/inc\/assets\/images\/starter-content\/blog.svg\" alt=\"\" class=\"wp-image-136\"\/><\/figure>\n\n\n\n<h3 class=\"wp-block-heading has-text-align-left\" style=\"margin-top:16px\">Cotizaciones<\/h3>\n\n\n\n<p class=\"has-text-align-left\">Estamos encantados de proporcionarte un presupuesto personalizado para satisfacer tus necesidades.<\/p>\n<\/div>\n\n\n\n<div class=\"wp-block-column is-vertically-aligned-top is-layout-flow wp-container-core-column-is-layout-6b73ce23 wp-block-column-is-layout-flow\">\n<figure class=\"wp-block-image size-large\"><img decoding=\"async\" src=\"https:\/\/jdisas.com\/wp-content\/themes\/astra\/inc\/assets\/images\/starter-content\/portfolio.svg\" alt=\"\" class=\"wp-image-137\"\/><\/figure>\n\n\n\n<h3 class=\"wp-block-heading has-text-align-left\" style=\"margin-top:16px\">Portafolio<\/h3>\n\n\n\n<p class=\"has-text-align-left\">Nuestro portafolio es una muestra de nuestra experiencia y calidad en el campo. \u00a1Que esperas solicitalo!<\/p>\n<\/div>\n<\/div>\n<\/div>\n\n\n\n<div class=\"wp-block-group alignfull is-layout-constrained wp-container-core-group-is-layout-45b0ac4f wp-block-group-is-layout-constrained\" id=\"services\" style=\"padding-top:144px;padding-bottom:0px\">\n<h2 class=\"wp-block-heading\">Nuestros servicios<\/h2>\n\n\n\n<div class=\"wp-block-columns is-layout-flex wp-container-core-columns-is-layout-60cbf9bb wp-block-columns-is-layout-flex\" style=\"margin-top:50px\">\n<div class=\"wp-block-column is-layout-flow wp-container-core-column-is-layout-6b73ce23 wp-block-column-is-layout-flow\">\n<figure class=\"wp-block-image aligncenter size-full is-resized\"><img loading=\"lazy\" decoding=\"async\" width=\"274\" height=\"334\" src=\"https:\/\/jdisas.com\/wp-content\/uploads\/2023\/06\/Iconoes-de-servicios-muneca-1.png\" alt=\"\" class=\"wp-image-28\" style=\"width:158px;height:192px\" srcset=\"https:\/\/www.jdisas.com\/wp-content\/uploads\/2023\/06\/Iconoes-de-servicios-muneca-1.png 274w, https:\/\/www.jdisas.com\/wp-content\/uploads\/2023\/06\/Iconoes-de-servicios-muneca-1-246x300.png 246w\" sizes=\"auto, (max-width: 274px) 100vw, 274px\" \/><\/figure>\n\n\n\n<h3 class=\"wp-block-heading\" style=\"margin-top:16px\">Asesor\u00eda Comercial<\/h3>\n\n\n\n<p>Nos especializamos en brindar asesor\u00eda comercial personalizada para ayudarte a alcanzar tus objetivos empresariales.<\/p>\n\n\n\n<figure class=\"wp-block-image aligncenter size-full is-resized\"><img loading=\"lazy\" decoding=\"async\" width=\"274\" height=\"334\" src=\"https:\/\/jdisas.com\/wp-content\/uploads\/2023\/06\/icono-servicios-plotter.png\" alt=\"\" class=\"wp-image-32\" style=\"width:138px;height:168px\" srcset=\"https:\/\/www.jdisas.com\/wp-content\/uploads\/2023\/06\/icono-servicios-plotter.png 274w, https:\/\/www.jdisas.com\/wp-content\/uploads\/2023\/06\/icono-servicios-plotter-246x300.png 246w\" sizes=\"auto, (max-width: 274px) 100vw, 274px\" \/><\/figure>\n\n\n\n<h3 class=\"wp-block-heading\" style=\"margin-top:16px\">Publicidad Comercial<\/h3>\n\n\n\n<p>Ofrecemos soluciones de publicidad impresa de alta calidad para exterior e interior, material pop .<\/p>\n<\/div>\n\n\n\n<div class=\"wp-block-column is-layout-flow wp-container-core-column-is-layout-6b73ce23 wp-block-column-is-layout-flow\">\n<figure class=\"wp-block-image aligncenter size-full is-resized\"><img loading=\"lazy\" decoding=\"async\" width=\"274\" height=\"334\" src=\"https:\/\/jdisas.com\/wp-content\/uploads\/2023\/06\/icono-servicios-compu.png\" alt=\"\" class=\"wp-image-29\" style=\"width:151px;height:184px\" srcset=\"https:\/\/www.jdisas.com\/wp-content\/uploads\/2023\/06\/icono-servicios-compu.png 274w, https:\/\/www.jdisas.com\/wp-content\/uploads\/2023\/06\/icono-servicios-compu-246x300.png 246w\" sizes=\"auto, (max-width: 274px) 100vw, 274px\" \/><\/figure>\n\n\n\n<h3 class=\"wp-block-heading\" style=\"margin-top:16px\">Equipos de computo<\/h3>\n\n\n\n<p>Ofrecemos una amplia gama de equipos de c\u00f3mputo de \u00faltima generaci\u00f3n para satisfacer tus necesidades tecnol\u00f3gicas.<\/p>\n\n\n\n<figure class=\"wp-block-image aligncenter size-full is-resized\"><img loading=\"lazy\" decoding=\"async\" width=\"274\" height=\"334\" src=\"https:\/\/jdisas.com\/wp-content\/uploads\/2023\/06\/icono-servicios-herramienta.png\" alt=\"\" class=\"wp-image-33\" style=\"width:139px;height:170px\" srcset=\"https:\/\/www.jdisas.com\/wp-content\/uploads\/2023\/06\/icono-servicios-herramienta.png 274w, https:\/\/www.jdisas.com\/wp-content\/uploads\/2023\/06\/icono-servicios-herramienta-246x300.png 246w\" sizes=\"auto, (max-width: 274px) 100vw, 274px\" \/><\/figure>\n\n\n\n<h3 class=\"wp-block-heading\" style=\"margin-top:16px\">Ferreter\u00eda<\/h3>\n\n\n\n<p>Te brindamos una amplia selecci\u00f3n de productos de ferreter\u00eda e insumos electr\u00f3nicos de alta calidad.<\/p>\n<\/div>\n\n\n\n<div class=\"wp-block-column is-layout-flow wp-container-core-column-is-layout-6b73ce23 wp-block-column-is-layout-flow\">\n<figure class=\"wp-block-image aligncenter size-full is-resized\"><img loading=\"lazy\" decoding=\"async\" width=\"274\" height=\"334\" src=\"https:\/\/jdisas.com\/wp-content\/uploads\/2023\/06\/icono-servicios-construccion.png\" alt=\"\" class=\"wp-image-31\" style=\"width:146px;height:178px\" srcset=\"https:\/\/www.jdisas.com\/wp-content\/uploads\/2023\/06\/icono-servicios-construccion.png 274w, https:\/\/www.jdisas.com\/wp-content\/uploads\/2023\/06\/icono-servicios-construccion-246x300.png 246w\" sizes=\"auto, (max-width: 274px) 100vw, 274px\" \/><\/figure>\n\n\n\n<h3 class=\"wp-block-heading\" style=\"margin-top:16px\">Construcci\u00f3n<\/h3>\n\n\n\n<p>Te brindamos servicio de construcci\u00f3n y adecuaci\u00f3n locativa para transformar tus espacios en entornos.<\/p>\n\n\n\n<figure class=\"wp-block-image aligncenter size-full is-resized\"><img loading=\"lazy\" decoding=\"async\" width=\"274\" height=\"334\" src=\"https:\/\/jdisas.com\/wp-content\/uploads\/2023\/06\/Iconoes-de-servicios-nube.png\" alt=\"\" class=\"wp-image-34\" style=\"width:136px;height:166px\" srcset=\"https:\/\/www.jdisas.com\/wp-content\/uploads\/2023\/06\/Iconoes-de-servicios-nube.png 274w, https:\/\/www.jdisas.com\/wp-content\/uploads\/2023\/06\/Iconoes-de-servicios-nube-246x300.png 246w\" sizes=\"auto, (max-width: 274px) 100vw, 274px\" \/><\/figure>\n\n\n\n<h3 class=\"wp-block-heading\" style=\"margin-top:16px\">Conectividad<\/h3>\n\n\n\n<p>Conectividad de vanguardia para satisfacer todas tus necesidades tecnol\u00f3gicas.<\/p>\n<\/div>\n<\/div>\n<\/div>\n\n\n\n<div class=\"wp-block-group alignfull has-ast-global-color-5-background-color has-background is-layout-constrained wp-container-core-group-is-layout-94d206d0 wp-block-group-is-layout-constrained\" id=\"about\" style=\"padding-top:143px;padding-bottom:144px\">\n<div class=\"wp-block-media-text has-media-on-the-right is-stacked-on-mobile is-vertically-aligned-center\" style=\"grid-template-columns:auto 52%\"><div class=\"wp-block-media-text__content\">\n<div class=\"inherit-container-width wp-block-group is-layout-constrained wp-container-core-group-is-layout-47ce07ec wp-block-group-is-layout-constrained\" style=\"padding-right:80px\">\n<h2 class=\"wp-block-heading\" style=\"padding-right:40px\">Ayudamos a construir el negocio de sus sue\u00f1os<\/h2>\n\n\n\n<p>Buscamos brindar soluciones a la medida de las  necesidades de nuestros clientes, estando siempre a la vanguardia de la tecnolog\u00eda inform\u00e1tica del mercado, desarrollando Hardware, Software, sistemas de comunicaciones, infraestructura, soluciones de seguridad entre otros.<\/p>\n\n\n\n<p>Complementando los objetivos estrat\u00e9gicos de nuestros clientes y su e\ufb01ciencia operativa, contribuyendo a trav\u00e9s de la tecnolog\u00eda al crecimiento sostenible y rentable de su negocio.<\/p>\n<\/div>\n<\/div><figure class=\"wp-block-media-text__media\"><img decoding=\"async\" src=\"https:\/\/jdisas.com\/wp-content\/themes\/astra\/inc\/assets\/images\/starter-content\/about-us.jpg\" alt=\"\" class=\"wp-image-237 size-full\"\/><\/figure><\/div>\n<\/div>\n\n\n\n<div class=\"wp-block-group alignfull has-ast-global-color-4-background-color has-background is-layout-constrained wp-container-core-group-is-layout-6a2cfb7b wp-block-group-is-layout-constrained\" id=\"reviews\">\n<figure class=\"wp-block-image aligncenter size-full is-resized\"><img loading=\"lazy\" decoding=\"async\" width=\"274\" height=\"334\" src=\"https:\/\/jdisas.com\/wp-content\/uploads\/2023\/06\/Iconoes-de-servicios-museo-1.png\" alt=\"\" class=\"wp-image-39\" style=\"width:-113px;height:-137px\" srcset=\"https:\/\/www.jdisas.com\/wp-content\/uploads\/2023\/06\/Iconoes-de-servicios-museo-1.png 274w, https:\/\/www.jdisas.com\/wp-content\/uploads\/2023\/06\/Iconoes-de-servicios-museo-1-246x300.png 246w\" sizes=\"auto, (max-width: 274px) 100vw, 274px\" \/><\/figure>\n\n\n\n<p class=\"has-text-align-center\" style=\"font-size:22px;line-height:1.6\">\u201cGracias a su asesoramiento estrat\u00e9gico y su dedicaci\u00f3n incansable, hemos logrado ganar contratos y proyectos que han transformado nuestro negocio. Su experiencia en la gesti\u00f3n de licitaciones en diversos sectores nos ha permitido acceder a nuevas oportunidades comerciales y expandir nuestras operaciones.\u201d<\/p>\n\n\n\n<p class=\"has-text-align-center\"><strong>Museo&nbsp;Pan\u00f3ptico&nbsp;de&nbsp;Ibagu\u00e9 <\/strong><\/p>\n<\/div>\n\n\n\n<div class=\"wp-block-group alignfull is-layout-constrained wp-container-core-group-is-layout-3fee123f wp-block-group-is-layout-constrained\" id=\"whyus\" style=\"padding-top:144px;padding-bottom:144px\">\n<h2 class=\"wp-block-heading\">Por qu\u00e9 elegirnos<\/h2>\n\n\n\n<div class=\"wp-block-columns is-layout-flex wp-container-core-columns-is-layout-29aadeec wp-block-columns-is-layout-flex\" style=\"margin-top:60px\">\n<div class=\"wp-block-column is-layout-flow wp-container-core-column-is-layout-6b73ce23 wp-block-column-is-layout-flow\">\n<figure class=\"wp-block-image size-large is-resized\"><img decoding=\"async\" src=\"https:\/\/jdisas.com\/wp-content\/themes\/astra\/inc\/assets\/images\/starter-content\/passionate.svg\" alt=\"\" class=\"wp-image-162\" style=\"width:79px;height:79px\"\/><\/figure>\n\n\n\n<h3 class=\"wp-block-heading\" style=\"margin-top:16px\">Experiencia y conocimiento<\/h3>\n\n\n\n<p>Hemos trabajado en numerosos proyectos exitosos y he enfrentado diversos desaf\u00edos, lo que nos ha brindado una visi\u00f3n integral y la capacidad de encontrar soluciones efectivas.<\/p>\n<\/div>\n\n\n\n<div class=\"wp-block-column is-layout-flow wp-container-core-column-is-layout-6b73ce23 wp-block-column-is-layout-flow\">\n<figure class=\"wp-block-image size-large is-resized\"><img decoding=\"async\" src=\"https:\/\/jdisas.com\/wp-content\/themes\/astra\/inc\/assets\/images\/starter-content\/professional.svg\" alt=\"\" class=\"wp-image-163\" style=\"width:80px;height:79px\"\/><\/figure>\n\n\n\n<h3 class=\"wp-block-heading\" style=\"margin-top:16px\">Profesionalismo y compromiso<\/h3>\n\n\n\n<p>Nuestro compromiso con la excelencia y la calidad en cada proyecto es inquebrantable. Nos enorgullecemos  de ofrecer un servicio profesional, \u00e9tico y confiable, siempre manteniendo una comunicaci\u00f3n clara y transparente.<\/p>\n<\/div>\n\n\n\n<div class=\"wp-block-column is-layout-flow wp-container-core-column-is-layout-6b73ce23 wp-block-column-is-layout-flow\">\n<figure class=\"wp-block-image size-large is-resized\"><img decoding=\"async\" src=\"https:\/\/jdisas.com\/wp-content\/themes\/astra\/inc\/assets\/images\/starter-content\/support.svg\" alt=\"\" class=\"wp-image-164\" style=\"width:73px;height:72px\"\/><\/figure>\n\n\n\n<h3 class=\"wp-block-heading\" style=\"margin-top:16px\">Enfoque personalizado<\/h3>\n\n\n\n<p>Reconocemos que cada cliente y proyecto es \u00fanico, por lo que adoptamos nuestros servicios y enfoques a las necesidades espec\u00edficas de cada proyceto, escuchando atentamente sus objetivos y requerimientos de nuestros clientes.<\/p>\n<\/div>\n<\/div>\n<\/div>\n\n\n\n<div class=\"wp-block-group alignfull has-background is-layout-constrained wp-container-core-group-is-layout-cfcca693 wp-block-group-is-layout-constrained\" id=\"contact\" style=\"background:linear-gradient(35deg,rgb(6,0,151) 0%,rgb(130,4,255) 64%,rgb(193,15,255) 98%);padding-top:104px;padding-bottom:104px\">\n<h1 class=\"wp-block-heading has-text-align-center has-text-color\" style=\"color:#ffffff\">\u00a1Gracias por tu inter\u00e9s!<\/h1>\n\n\n\n<p class=\"has-text-align-center\"><mark style=\"background-color:rgba(0, 0, 0, 0)\" class=\"has-inline-color has-ast-global-color-4-color\">Nos encantar\u00eda tener la oportunidad de atenderte y responder a cualquier consulta que puedas tener.<\/mark><\/p>\n\n\n\n<div class=\"wp-block-buttons alignwide is-horizontal is-content-justification-center is-layout-flex wp-container-core-buttons-is-layout-bba8380a wp-block-buttons-is-layout-flex\" style=\"margin-top:50px\">\n<div class=\"wp-block-button\"><a class=\"wp-block-button__link wp-element-button\" href=\"https:\/\/api.whatsapp.com\/send?phone=3243585997&amp;text=El%20regalo%20perfecto%20para%20el%20superh%C3%A9roe%20de%20la%20tecnolog%C3%ADa:%20%C2%A1Feliz%20D%C3%ADa%20del%20Padre\">M\u00e1s informaci\u00f3n<\/a><\/div>\n<\/div>\n<\/div>\n\n\n\n<div class=\"wp-block-columns alignfull is-layout-flex wp-container-core-columns-is-layout-28f84493 wp-block-columns-is-layout-flex\">\n<div class=\"wp-block-column is-layout-flow wp-block-column-is-layout-flow\">\n<div class=\"wp-block-columns is-layout-flex wp-container-core-columns-is-layout-28f84493 wp-block-columns-is-layout-flex\">\n<div class=\"wp-block-column is-layout-flow wp-block-column-is-layout-flow\" style=\"flex-basis:100%\">\n<div class=\"inherit-container-width wp-block-group is-layout-constrained wp-block-group-is-layout-constrained\">\n<h2 class=\"wp-block-heading\"><img loading=\"lazy\" decoding=\"async\" width=\"224\" height=\"56\" class=\"wp-image-67\" style=\"width: 224px;\" src=\"https:\/\/www.jdisas.com\/wp-content\/uploads\/2025\/02\/LOGO-comercilizadora-jdi-e1739797600584.jpg\" alt=\"\" srcset=\"https:\/\/www.jdisas.com\/wp-content\/uploads\/2025\/02\/LOGO-comercilizadora-jdi-e1739797600584.jpg 694w, https:\/\/www.jdisas.com\/wp-content\/uploads\/2025\/02\/LOGO-comercilizadora-jdi-e1739797600584-300x74.jpg 300w\" sizes=\"auto, (max-width: 224px) 100vw, 224px\" \/><\/h2>\n<\/div>\n<\/div>\n<\/div>\n<\/div>\n\n\n\n<div class=\"wp-block-column is-layout-flow wp-block-column-is-layout-flow\">\n<h3 class=\"wp-block-heading has-text-align-center\">Encuentranos<\/h3>\n\n\n\n<ul class=\"wp-block-list\">\n<li>Cel: 324 3585997<\/li>\n\n\n\n<li>Tel: (608) 2630347 Ext. 103     <\/li>\n\n\n\n<li>Email: gerencia@jdisas.com<\/li>\n\n\n\n<li>Direcci\u00f3n: Kr16 n\u00b0 79-76 Ed. Century XXI, Bogot\u00e1<\/li>\n<\/ul>\n<\/div>\n<\/div>\n\n\n\n<p><\/p>\n","protected":false},"excerpt":{"rendered":"<p>Negocio Local Quieres conocer m\u00e1s sobre nuestros productos o servicios, no dudes en comunicarte con nosotros. Compras seguras Nos esforzamos por ofrecerte una experiencia de compra segura y confiable. \u00a1Valoramos tu confianza! Cotizaciones Estamos encantados de proporcionarte un presupuesto personalizado para satisfacer tus necesidades. Portafolio Nuestro portafolio es una muestra de nuestra experiencia y calidad &hellip;<\/p>\n<p class=\"read-more\"> <a class=\"\" href=\"https:\/\/www.jdisas.com\/\"> <span class=\"screen-reader-text\">Inicio<\/span> Leer m\u00e1s &raquo;<\/a><\/p>\n","protected":false},"author":1,"featured_media":0,"parent":0,"menu_order":0,"comment_status":"closed","ping_status":"closed","template":"","meta":{"site-sidebar-layout":"no-sidebar","site-content-layout":"plain-container","ast-global-header-display":"","ast-banner-title-visibility":"","ast-main-header-display":"","ast-hfb-above-header-display":"","ast-hfb-below-header-display":"","ast-hfb-mobile-header-display":"","site-post-title":"disabled","ast-breadcrumbs-content":"","ast-featured-img":"","footer-sml-layout":"","theme-transparent-header-meta":"enabled","adv-header-id-meta":"","stick-header-meta":"","header-above-stick-meta":"","header-main-stick-meta":"","header-below-stick-meta":"","footnotes":""},"class_list":["post-6","page","type-page","status-publish","hentry"],"_links":{"self":[{"href":"https:\/\/www.jdisas.com\/index.php\/wp-json\/wp\/v2\/pages\/6","targetHints":{"allow":["GET"]}}],"collection":[{"href":"https:\/\/www.jdisas.com\/index.php\/wp-json\/wp\/v2\/pages"}],"about":[{"href":"https:\/\/www.jdisas.com\/index.php\/wp-json\/wp\/v2\/types\/page"}],"author":[{"embeddable":true,"href":"https:\/\/www.jdisas.com\/index.php\/wp-json\/wp\/v2\/users\/1"}],"replies":[{"embeddable":true,"href":"https:\/\/www.jdisas.com\/index.php\/wp-json\/wp\/v2\/comments?post=6"}],"version-history":[{"count":19,"href":"https:\/\/www.jdisas.com\/index.php\/wp-json\/wp\/v2\/pages\/6\/revisions"}],"predecessor-version":[{"id":69,"href":"https:\/\/www.jdisas.com\/index.php\/wp-json\/wp\/v2\/pages\/6\/revisions\/69"}],"wp:attachment":[{"href":"https:\/\/www.jdisas.com\/index.php\/wp-json\/wp\/v2\/media?parent=6"}],"curies":[{"name":"wp","href":"https:\/\/api.w.org\/{rel}","templated":true}]}}